{"id":2447,"date":"2025-01-07T15:41:07","date_gmt":"2025-01-07T12:41:07","guid":{"rendered":"https:\/\/www.sintaelektronik.com\/urunlerimiz\/?post_type=product&#038;p=2447"},"modified":"2025-09-04T12:17:53","modified_gmt":"2025-09-04T09:17:53","slug":"abb-acs-cp-c","status":"publish","type":"product","link":"https:\/\/www.sintaelektronik.com\/urunlerimiz\/urun\/abb-acs-cp-c\/","title":{"rendered":"ABB ACS-CP-C KEYPAD"},"content":{"rendered":"<p><strong>\u00dcR\u00dcN STOKLARIMIZDA MEVCUTTUR.<\/strong>\u00a0<strong>GARANT\u0130L\u0130 VE FATURALIDIR.<\/strong>\u00a0S\u0130NTA ELEKTRON\u0130K OLARAK HER MARKA END\u00dcSTR\u0130YEL ELEKTRON\u0130K C\u0130HAZLARIN TAM\u0130R\u0130N\u0130 YAPMAKTAYIZ.<\/p>\n<ul>\n<li>ELEKTRON\u0130K KART TAM\u0130R\u0130<\/li>\n<li>AC S\u00dcR\u00dcC\u00dc TAM\u0130R\u0130<\/li>\n<li>DC S\u00dcR\u00dcC\u00dc TAM\u0130R\u0130<\/li>\n<li>SERVO S\u00dcR\u00dcC\u00dc TAM\u0130R\u0130<\/li>\n<li>SERVO MOTOR TAM\u0130R<\/li>\n<li>PANEL TAM\u0130R\u0130<\/li>\n<li>END\u00dcSTR\u0130YEL B\u0130LG\u0130SAYAR TAM\u0130R\u0130<\/li>\n<\/ul>\n<p>T\u00dcRK\u0130YEDE ARAYIP BULAMADI\u011eINIZ \u00dcR\u00dcNLER\u0130N YURT DI\u015eI TEDAR\u0130\u011e\u0130N\u0130 YAPIYORUZ SIFIR VE \u0130K\u0130NC\u0130 EL \u00dcR\u00dcN ALIMI YAPIYORUZ. S\u0130NTA ELEKTRON\u0130K OLARAK H\u0130ZMETLER\u0130M\u0130ZDE M\u00dcSTER\u0130 PROBLER\u0130M\u0130N\u0130 \u00c7\u00d6ZMEY\u0130 VE SONUCUNDA Y\u00dcKSEK M\u00dc\u015eTER\u0130 MEMNUN\u0130YET\u0130 ELDE ETMEY\u0130 AMA\u00c7LANMI\u015eTIR. H\u0130ZMET KAL\u0130TEM\u0130Z G\u00dcCL\u00dc VE DONANIMLI EK\u0130P ARKADA\u015eLARIMIZLA\u00a0 \u00dcR\u00dcNLER\u0130M\u0130ZLE VERM\u0130\u015e OLDU\u011eUMUZ Y\u00dcKSEK M\u00dcSTER\u0130 MEMNUN\u0130YET\u0130N\u0130N \u0130\u00c7ER\u0130S\u0130NDE S\u0130ZLER\u0130DE G\u00d6RMEK \u0130STER\u0130Z. \u0130LET\u0130\u015e\u0130M VE B\u0130LG\u0130 \u0130\u00c7\u0130N :<\/p>\n<ul>\n<li>0533 353 4891<\/li>\n<li>0538 932 2741<\/li>\n<li>0850 606 0258<\/li>\n<\/ul>\n","protected":false},"excerpt":{"rendered":"<p><strong>\u00dcR\u00dcN STOKLARIMIZDA MEVCUTTUR.<\/strong>\u00a0<strong>GARANT\u0130L\u0130 VE FATURALIDIR.<\/strong>\u00a0S\u0130NTA ELEKTRON\u0130K OLARAK HER MARKA END\u00dcSTR\u0130YEL ELEKTRON\u0130K C\u0130HAZLARIN TAM\u0130R\u0130N\u0130 YAPMAKTAYIZ.<\/p>\n<ul>\n<li>ELEKTRON\u0130K KART TAM\u0130R\u0130<\/li>\n<li>AC S\u00dcR\u00dcC\u00dc TAM\u0130R\u0130<\/li>\n<li>DC S\u00dcR\u00dcC\u00dc TAM\u0130R\u0130<\/li>\n<li>SERVO S\u00dcR\u00dcC\u00dc TAM\u0130R\u0130<\/li>\n<li>SERVO MOTOR TAM\u0130R<\/li>\n<li>PANEL TAM\u0130R\u0130<\/li>\n<li>END\u00dcSTR\u0130YEL B\u0130LG\u0130SAYAR TAM\u0130R\u0130<\/li>\n<\/ul>\n<p>T\u00dcRK\u0130YEDE ARAYIP BULAMADI\u011eINIZ \u00dcR\u00dcNLER\u0130N YURT DI\u015eI TEDAR\u0130\u011e\u0130N\u0130 YAPIYORUZ SIFIR VE \u0130K\u0130NC\u0130 EL \u00dcR\u00dcN ALIMI YAPIYORUZ. S\u0130NTA ELEKTRON\u0130K OLARAK H\u0130ZMETLER\u0130M\u0130ZDE M\u00dcSTER\u0130 PROBLER\u0130M\u0130N\u0130 \u00c7\u00d6ZMEY\u0130 VE SONUCUNDA Y\u00dcKSEK M\u00dc\u015eTER\u0130 MEMNUN\u0130YET\u0130 ELDE ETMEY\u0130 AMA\u00c7LANMI\u015eTIR. H\u0130ZMET KAL\u0130TEM\u0130Z G\u00dcCL\u00dc VE DONANIMLI EK\u0130P ARKADA\u015eLARIMIZLA\u00a0 \u00dcR\u00dcNLER\u0130M\u0130ZLE VERM\u0130\u015e OLDU\u011eUMUZ Y\u00dcKSEK M\u00dcSTER\u0130 MEMNUN\u0130YET\u0130N\u0130N \u0130\u00c7ER\u0130S\u0130NDE S\u0130ZLER\u0130DE G\u00d6RMEK \u0130STER\u0130Z. \u0130LET\u0130\u015e\u0130M VE B\u0130LG\u0130 \u0130\u00c7\u0130N :<\/p>\n<ul>\n<li>0533 353 4891<\/li>\n<li>0538 932 2741<\/li>\n<li>0850 606 0258<\/li>\n<\/ul>\n","protected":false},"featured_media":7739,"template":"","meta":{"_monsterinsights_skip_tracking":false,"_monsterinsights_sitenote_active":false,"_monsterinsights_sitenote_note":"","_monsterinsights_sitenote_category":0},"product_brand":[],"product_cat":[2621,1717],"product_tag":[1080,2650,4519,2651,1722],"class_list":{"0":"post-2447","1":"product","2":"type-product","3":"status-publish","4":"has-post-thumbnail","6":"product_cat-abb-keypad","7":"product_cat-keypad","8":"product_tag-abb","9":"product_tag-abb-acs-cp-c","10":"product_tag-abb-acs-cp-c-keypad","11":"product_tag-acs-cp-c","12":"product_tag-keypad","14":"first","15":"instock","16":"taxable","17":"shipping-taxable","18":"purchasable","19":"product-type-simple"},"_links":{"self":[{"href":"https:\/\/www.sintaelektronik.com\/urunlerimiz\/wp-json\/wp\/v2\/product\/2447","targetHints":{"allow":["GET"]}}],"collection":[{"href":"https:\/\/www.sintaelektronik.com\/urunlerimiz\/wp-json\/wp\/v2\/product"}],"about":[{"href":"https:\/\/www.sintaelektronik.com\/urunlerimiz\/wp-json\/wp\/v2\/types\/product"}],"wp:featuredmedia":[{"embeddable":true,"href":"https:\/\/www.sintaelektronik.com\/urunlerimiz\/wp-json\/wp\/v2\/media\/7739"}],"wp:attachment":[{"href":"https:\/\/www.sintaelektronik.com\/urunlerimiz\/wp-json\/wp\/v2\/media?parent=2447"}],"wp:term":[{"taxonomy":"product_brand","embeddable":true,"href":"https:\/\/www.sintaelektronik.com\/urunlerimiz\/wp-json\/wp\/v2\/product_brand?post=2447"},{"taxonomy":"product_cat","embeddable":true,"href":"https:\/\/www.sintaelektronik.com\/urunlerimiz\/wp-json\/wp\/v2\/product_cat?post=2447"},{"taxonomy":"product_tag","embeddable":true,"href":"https:\/\/www.sintaelektronik.com\/urunlerimiz\/wp-json\/wp\/v2\/product_tag?post=2447"}],"curies":[{"name":"wp","href":"https:\/\/api.w.org\/{rel}","templated":true}]}}